{"id":79,"date":"2020-02-24T20:18:30","date_gmt":"2020-02-24T20:18:30","guid":{"rendered":"https:\/\/krav-maga-ostschweiz.ch\/?page_id=79"},"modified":"2020-02-24T20:21:15","modified_gmt":"2020-02-24T20:21:15","slug":"die-geschichte-des-krav-maga","status":"publish","type":"page","link":"https:\/\/www.krav-maga-ostschweiz.ch\/index.php\/die-geschichte-des-krav-maga\/","title":{"rendered":"Die Geschichte des Krav Maga"},"content":{"rendered":"<p><div class=\"fusion-fullwidth fullwidth-box fusion-builder-row-1 nonhundred-percent-fullwidth non-hundred-percent-height-scrolling\" style=\"background-color: rgba(255,255,255,0);background-position: center center;background-repeat: no-repeat;padding-top:0px;padding-right:0px;padding-bottom:0px;padding-left:0px;margin-bottom: 0px;margin-top: 0px;border-width: 0px 0px 0px 0px;border-color:#eae9e9;border-style:solid;\" ><div class=\"fusion-builder-row fusion-row\"><div class=\"fusion-layout-column fusion_builder_column fusion-builder-column-0 fusion_builder_column_1_1 1_1 fusion-one-full fusion-column-first fusion-column-last\" style=\"margin-top:0px;margin-bottom:20px;\"><div class=\"fusion-column-wrapper fusion-flex-column-wrapper-legacy\" style=\"background-position:left top;background-repeat:no-repeat;-webkit-background-size:cover;-moz-background-size:cover;-o-background-size:cover;background-size:cover;padding: 0px 0px 0px 0px;\"><div class=\"fusion-text fusion-text-1\"><h1>Die Geschichte des Krav Maga<\/h1>\n<\/div><div class=\"fusion-clearfix\"><\/div><\/div><\/div><div class=\"fusion-layout-column fusion_builder_column fusion-builder-column-1 fusion_builder_column_1_4 1_4 fusion-one-fourth fusion-column-first\" style=\"width:25%;width:calc(25% - ( ( 4% ) * 0.25 ) );margin-right: 4%;margin-top:0px;margin-bottom:20px;\"><div class=\"fusion-column-wrapper fusion-flex-column-wrapper-legacy\" style=\"background-position:left top;background-repeat:no-repeat;-webkit-background-size:cover;-moz-background-size:cover;-o-background-size:cover;background-size:cover;padding: 0px 0px 0px 0px;\"><span class=\" fusion-imageframe imageframe-none imageframe-1 hover-type-none\"><img decoding=\"async\" width=\"200\" height=\"300\" title=\"krav-maga-inventor\" src=\"https:\/\/krav-maga-ostschweiz.ch\/wp-content\/uploads\/2020\/02\/krav-maga-inventor-200x300.jpg\" class=\"img-responsive wp-image-81\" srcset=\"https:\/\/www.krav-maga-ostschweiz.ch\/wp-content\/uploads\/2020\/02\/krav-maga-inventor-200x300.jpg 200w, https:\/\/www.krav-maga-ostschweiz.ch\/wp-content\/uploads\/2020\/02\/krav-maga-inventor.jpg 320w\" sizes=\"(max-width: 800px) 100vw, 200px\" \/><\/span><div class=\"fusion-clearfix\"><\/div><\/div><\/div><div class=\"fusion-layout-column fusion_builder_column fusion-builder-column-2 fusion_builder_column_3_4 3_4 fusion-three-fourth fusion-column-last\" style=\"width:75%;width:calc(75% - ( ( 4% ) * 0.75 ) );margin-top:0px;margin-bottom:20px;\"><div class=\"fusion-column-wrapper fusion-flex-column-wrapper-legacy\" style=\"background-position:left top;background-repeat:no-repeat;-webkit-background-size:cover;-moz-background-size:cover;-o-background-size:cover;background-size:cover;padding: 0px 0px 0px 0px;\"><div class=\"fusion-text fusion-text-2\"><p>Imrich Lichtenfeld (hebr\u00e4isch: Imi Sde-Or), der Gr\u00fcndervater des Krav Maga Systems, wuchs in Bratislava auf. Seine sportlichen Aktivit\u00e4ten umfassten neben den k\u00e4mpferischen Sportarten wie Boxen und Ringen, auch Turnen und Tanzen. Seine Wettkampferfolge erzielte er jedoch vor allem im Boxen und Ringen.<\/p>\n<p>Als in den 30er Jahren die Gewalt gegen die j\u00fcdische Zivilbev\u00f6lkerung zunahm, schloss sich Imi Lichtenfeld mit einer Gruppe gleichgesinnter Sportler einer Schutztruppe an, die die j\u00fcdischen Wohnviertel gegen antisemitische \u00dcbergriffe besch\u00fctzte.<\/p>\n<p>Im Jahr 1940 floh Imi Lichtenfeld (geb. 1910) aus dem gr\u00f6\u00dftenteils besetzten Europa. Nach abenteuerlicher Reise mit dem Ziel Pal\u00e4stina, diente er 2 Jahre in der Tschechischen Legion unter Britischem Kommando in Nordafrika und im mittleren Osten, bevor er die Einreisegenehmigung nach Pal\u00e4stina erhielt.<\/p>\n<p>Vor der Gr\u00fcndung des Staates Israel war Imi Lichtenfeld als Ausbilder in der Haganah, der israelischen Miliz als Ausbilder t\u00e4tig. Mit der Gr\u00fcndung des Staates Israels 1948 wurde Imi Lichtenfeld zum Chefausbilder der Israel Defence Force (IDF, der neugegr\u00fcndeten Armee Israels) f\u00fcr die Bereiche Krav Maga (Nahkampf) und Leibeserziehung ernannt.<\/p>\n<\/div><div class=\"fusion-clearfix\"><\/div><\/div><\/div><\/div><\/div><div class=\"fusion-fullwidth fullwidth-box fusion-builder-row-2 nonhundred-percent-fullwidth non-hundred-percent-height-scrolling\" style=\"background-color: rgba(255,255,255,0);background-position: center center;background-repeat: no-repeat;padding-top:0px;padding-right:0px;padding-bottom:0px;padding-left:0px;margin-bottom: 0px;margin-top: 0px;border-width: 0px 0px 0px 0px;border-color:#eae9e9;border-style:solid;\" ><div class=\"fusion-builder-row fusion-row\"><div class=\"fusion-layout-column fusion_builder_column fusion-builder-column-3 fusion_builder_column_1_1 1_1 fusion-one-full fusion-column-first fusion-column-last\" style=\"margin-top:0px;margin-bottom:20px;\"><div class=\"fusion-column-wrapper fusion-flex-column-wrapper-legacy\" style=\"background-position:left top;background-repeat:no-repeat;-webkit-background-size:cover;-moz-background-size:cover;-o-background-size:cover;background-size:cover;padding: 0px 0px 0px 0px;\"><div class=\"fusion-text fusion-text-3\"><p>In den n\u00e4chsten 20 Jahren pr\u00e4gte Imi Lichtenfeld wie kein anderer den Begriff Krav Maga als Synonym f\u00fcr den Nahkampf beim israelischen Milit\u00e4r.<\/p>\n<p>Krav Maga wurde gleicherma\u00dfen f\u00fcr Frauen und M\u00e4nner entwickelt, da in Israel beide Geschlechter zum Milit\u00e4rdienst eingezogen werden. Es muss unabh\u00e4ngig vom Geschlecht, K\u00f6rpergr\u00f6\u00dfe und Gewicht praktisch einsetzbar sein. Zus\u00e4tzlich steht, gerade beim Milit\u00e4r, die schnelle Erlernbarkeit im Vordergrund, die den Einsatz ohne regelm\u00e4\u00dfiges Training erm\u00f6glicht.<\/p>\n<p>Imi Lichtenfeld schied Mitte der 60er Jahre aus dem Milit\u00e4rdienst aus und arbeitete fortan an der Anpassung des Krav Maga Systems an die Belange von Zivilisten.<\/p>\n<p>Seine pragmatische Herangehensweise an Probleme, sowie seine Erfahrung in der praktischen Anwendung legten die Grundsteine f\u00fcr die moderne Selbstverteidigung. Bis in seine letzten Lebensjahre arbeitete Imi Lichtenfeld an der Optimierung, Anpassung und Entwicklung von Krav Maga f\u00fcr unterschiedliche Bereiche im professionellen und zivilen Bereich.<\/p>\n<p>Imrich Lichtenfeld verstarb 1998 im Alter von 87 Jahren.<\/p>\n<\/div><div class=\"fusion-clearfix\"><\/div><\/div><\/div><\/div><\/div><\/p>\n","protected":false},"excerpt":{"rendered":"","protected":false},"author":1,"featured_media":0,"parent":0,"menu_order":0,"comment_status":"closed","ping_status":"closed","template":"","meta":{"footnotes":""},"class_list":["post-79","page","type-page","status-publish","hentry"],"yoast_head":"<!-- This site is optimized with the Yoast SEO plugin v18.3 - https:\/\/yoast.com\/wordpress\/plugins\/seo\/ -->\n<title>Die Geschichte des Krav Maga - Krav Maga Ostschweiz<\/title>\n<meta name=\"robots\" content=\"index, follow, max-snippet:-1, max-image-preview:large, max-video-preview:-1\" \/>\n<link rel=\"canonical\" href=\"https:\/\/www.krav-maga-ostschweiz.ch\/index.php\/die-geschichte-des-krav-maga\/\" \/>\n<meta property=\"og:locale\" content=\"de_DE\" \/>\n<meta property=\"og:type\" content=\"article\" \/>\n<meta property=\"og:title\" content=\"Die Geschichte des Krav Maga - Krav Maga Ostschweiz\" \/>\n<meta property=\"og:url\" content=\"https:\/\/www.krav-maga-ostschweiz.ch\/index.php\/die-geschichte-des-krav-maga\/\" \/>\n<meta property=\"og:site_name\" content=\"Krav Maga Ostschweiz\" \/>\n<meta property=\"article:modified_time\" content=\"2020-02-24T20:21:15+00:00\" \/>\n<meta name=\"twitter:card\" content=\"summary_large_image\" \/>\n<meta name=\"twitter:label1\" content=\"Est. reading time\" \/>\n\t<meta name=\"twitter:data1\" content=\"7\u00a0Minuten\" \/>\n<script type=\"application\/ld+json\" class=\"yoast-schema-graph\">{\"@context\":\"https:\/\/schema.org\",\"@graph\":[{\"@type\":\"WebSite\",\"@id\":\"https:\/\/www.krav-maga-ostschweiz.ch\/#website\",\"url\":\"https:\/\/www.krav-maga-ostschweiz.ch\/\",\"name\":\"Krav Maga Ostschweiz\",\"description\":\"Just another WordPress site\",\"potentialAction\":[{\"@type\":\"SearchAction\",\"target\":{\"@type\":\"EntryPoint\",\"urlTemplate\":\"https:\/\/www.krav-maga-ostschweiz.ch\/?s={search_term_string}\"},\"query-input\":\"required name=search_term_string\"}],\"inLanguage\":\"de-CH\"},{\"@type\":\"WebPage\",\"@id\":\"https:\/\/www.krav-maga-ostschweiz.ch\/index.php\/die-geschichte-des-krav-maga\/#webpage\",\"url\":\"https:\/\/www.krav-maga-ostschweiz.ch\/index.php\/die-geschichte-des-krav-maga\/\",\"name\":\"Die Geschichte des Krav Maga - Krav Maga Ostschweiz\",\"isPartOf\":{\"@id\":\"https:\/\/www.krav-maga-ostschweiz.ch\/#website\"},\"datePublished\":\"2020-02-24T20:18:30+00:00\",\"dateModified\":\"2020-02-24T20:21:15+00:00\",\"breadcrumb\":{\"@id\":\"https:\/\/www.krav-maga-ostschweiz.ch\/index.php\/die-geschichte-des-krav-maga\/#breadcrumb\"},\"inLanguage\":\"de-CH\",\"potentialAction\":[{\"@type\":\"ReadAction\",\"target\":[\"https:\/\/www.krav-maga-ostschweiz.ch\/index.php\/die-geschichte-des-krav-maga\/\"]}]},{\"@type\":\"BreadcrumbList\",\"@id\":\"https:\/\/www.krav-maga-ostschweiz.ch\/index.php\/die-geschichte-des-krav-maga\/#breadcrumb\",\"itemListElement\":[{\"@type\":\"ListItem\",\"position\":1,\"name\":\"Home\",\"item\":\"https:\/\/www.krav-maga-ostschweiz.ch\/\"},{\"@type\":\"ListItem\",\"position\":2,\"name\":\"Die Geschichte des Krav Maga\"}]}]}<\/script>\n<!-- \/ Yoast SEO plugin. -->","yoast_head_json":{"title":"Die Geschichte des Krav Maga - Krav Maga Ostschweiz","robots":{"index":"index","follow":"follow","max-snippet":"max-snippet:-1","max-image-preview":"max-image-preview:large","max-video-preview":"max-video-preview:-1"},"canonical":"https:\/\/www.krav-maga-ostschweiz.ch\/index.php\/die-geschichte-des-krav-maga\/","og_locale":"de_DE","og_type":"article","og_title":"Die Geschichte des Krav Maga - Krav Maga Ostschweiz","og_url":"https:\/\/www.krav-maga-ostschweiz.ch\/index.php\/die-geschichte-des-krav-maga\/","og_site_name":"Krav Maga Ostschweiz","article_modified_time":"2020-02-24T20:21:15+00:00","twitter_card":"summary_large_image","twitter_misc":{"Est. reading time":"7\u00a0Minuten"},"schema":{"@context":"https:\/\/schema.org","@graph":[{"@type":"WebSite","@id":"https:\/\/www.krav-maga-ostschweiz.ch\/#website","url":"https:\/\/www.krav-maga-ostschweiz.ch\/","name":"Krav Maga Ostschweiz","description":"Just another WordPress site","potentialAction":[{"@type":"SearchAction","target":{"@type":"EntryPoint","urlTemplate":"https:\/\/www.krav-maga-ostschweiz.ch\/?s={search_term_string}"},"query-input":"required name=search_term_string"}],"inLanguage":"de-CH"},{"@type":"WebPage","@id":"https:\/\/www.krav-maga-ostschweiz.ch\/index.php\/die-geschichte-des-krav-maga\/#webpage","url":"https:\/\/www.krav-maga-ostschweiz.ch\/index.php\/die-geschichte-des-krav-maga\/","name":"Die Geschichte des Krav Maga - Krav Maga Ostschweiz","isPartOf":{"@id":"https:\/\/www.krav-maga-ostschweiz.ch\/#website"},"datePublished":"2020-02-24T20:18:30+00:00","dateModified":"2020-02-24T20:21:15+00:00","breadcrumb":{"@id":"https:\/\/www.krav-maga-ostschweiz.ch\/index.php\/die-geschichte-des-krav-maga\/#breadcrumb"},"inLanguage":"de-CH","potentialAction":[{"@type":"ReadAction","target":["https:\/\/www.krav-maga-ostschweiz.ch\/index.php\/die-geschichte-des-krav-maga\/"]}]},{"@type":"BreadcrumbList","@id":"https:\/\/www.krav-maga-ostschweiz.ch\/index.php\/die-geschichte-des-krav-maga\/#breadcrumb","itemListElement":[{"@type":"ListItem","position":1,"name":"Home","item":"https:\/\/www.krav-maga-ostschweiz.ch\/"},{"@type":"ListItem","position":2,"name":"Die Geschichte des Krav Maga"}]}]}},"_links":{"self":[{"href":"https:\/\/www.krav-maga-ostschweiz.ch\/index.php\/wp-json\/wp\/v2\/pages\/79","targetHints":{"allow":["GET"]}}],"collection":[{"href":"https:\/\/www.krav-maga-ostschweiz.ch\/index.php\/wp-json\/wp\/v2\/pages"}],"about":[{"href":"https:\/\/www.krav-maga-ostschweiz.ch\/index.php\/wp-json\/wp\/v2\/types\/page"}],"author":[{"embeddable":true,"href":"https:\/\/www.krav-maga-ostschweiz.ch\/index.php\/wp-json\/wp\/v2\/users\/1"}],"replies":[{"embeddable":true,"href":"https:\/\/www.krav-maga-ostschweiz.ch\/index.php\/wp-json\/wp\/v2\/comments?post=79"}],"version-history":[{"count":2,"href":"https:\/\/www.krav-maga-ostschweiz.ch\/index.php\/wp-json\/wp\/v2\/pages\/79\/revisions"}],"predecessor-version":[{"id":82,"href":"https:\/\/www.krav-maga-ostschweiz.ch\/index.php\/wp-json\/wp\/v2\/pages\/79\/revisions\/82"}],"wp:attachment":[{"href":"https:\/\/www.krav-maga-ostschweiz.ch\/index.php\/wp-json\/wp\/v2\/media?parent=79"}],"curies":[{"name":"wp","href":"https:\/\/api.w.org\/{rel}","templated":true}]}}