{"id":71,"date":"2020-02-24T19:57:52","date_gmt":"2020-02-24T19:57:52","guid":{"rendered":"https:\/\/krav-maga-ostschweiz.ch\/?page_id=71"},"modified":"2021-06-25T15:11:39","modified_gmt":"2021-06-25T15:11:39","slug":"wir-ueber-uns","status":"publish","type":"page","link":"https:\/\/www.krav-maga-ostschweiz.ch\/index.php\/wir-ueber-uns\/","title":{"rendered":"Wir \u00fcber uns"},"content":{"rendered":"<p><div class=\"fusion-fullwidth fullwidth-box fusion-builder-row-1 nonhundred-percent-fullwidth non-hundred-percent-height-scrolling\" style=\"background-color: rgba(255,255,255,0);background-position: center center;background-repeat: no-repeat;padding-top:0px;padding-right:0px;padding-bottom:0px;padding-left:0px;margin-bottom: 0px;margin-top: 0px;border-width: 0px 0px 0px 0px;border-color:#eae9e9;border-style:solid;\" ><div class=\"fusion-builder-row fusion-row\"><div class=\"fusion-layout-column fusion_builder_column fusion-builder-column-0 fusion_builder_column_1_1 1_1 fusion-one-full fusion-column-first fusion-column-last\" style=\"margin-top:0px;margin-bottom:20px;\"><div class=\"fusion-column-wrapper fusion-flex-column-wrapper-legacy\" style=\"background-position:left top;background-repeat:no-repeat;-webkit-background-size:cover;-moz-background-size:cover;-o-background-size:cover;background-size:cover;padding: 0px 0px 0px 0px;\"><div class=\"fusion-text fusion-text-1\"><h1>Wir \u00fcber uns<\/h1>\n<\/div><div class=\"fusion-clearfix\"><\/div><\/div><\/div><div class=\"fusion-layout-column fusion_builder_column fusion-builder-column-1 fusion_builder_column_1_4 1_4 fusion-one-fourth fusion-column-first\" style=\"width:25%;width:calc(25% - ( ( 4% ) * 0.25 ) );margin-right: 4%;margin-top:0px;margin-bottom:20px;\"><div class=\"fusion-column-wrapper fusion-flex-column-wrapper-legacy\" style=\"background-position:left top;background-repeat:no-repeat;-webkit-background-size:cover;-moz-background-size:cover;-o-background-size:cover;background-size:cover;padding: 0px 0px 0px 0px;\"><span class=\" fusion-imageframe imageframe-none imageframe-1 hover-type-none\"><img decoding=\"async\" width=\"200\" height=\"300\" title=\"mislim\" src=\"https:\/\/krav-maga-ostschweiz.ch\/wp-content\/uploads\/2020\/02\/mislim-200x300.jpg\" class=\"img-responsive wp-image-73\" srcset=\"https:\/\/www.krav-maga-ostschweiz.ch\/wp-content\/uploads\/2020\/02\/mislim-200x300.jpg 200w, https:\/\/www.krav-maga-ostschweiz.ch\/wp-content\/uploads\/2020\/02\/mislim.jpg 209w\" sizes=\"(max-width: 800px) 100vw, 200px\" \/><\/span><div class=\"fusion-clearfix\"><\/div><\/div><\/div><div class=\"fusion-layout-column fusion_builder_column fusion-builder-column-2 fusion_builder_column_3_4 3_4 fusion-three-fourth fusion-column-last\" style=\"width:75%;width:calc(75% - ( ( 4% ) * 0.75 ) );margin-top:0px;margin-bottom:20px;\"><div class=\"fusion-column-wrapper fusion-flex-column-wrapper-legacy\" style=\"background-position:left top;background-repeat:no-repeat;-webkit-background-size:cover;-moz-background-size:cover;-o-background-size:cover;background-size:cover;padding: 0px 0px 0px 0px;\"><div class=\"fusion-text fusion-text-2\"><h2 data-fontsize=\"18\" data-lineheight=\"27px\" class=\"fusion-responsive-typography-calculated\" style=\"--fontSize:18; line-height: 1.5; --minFontSize:18;\">Mislim<\/h2>\n<p><strong>Bisherige Kampfsportarten<\/strong><\/p>\n<ul>\n<li>Wado Ryu Karate seit 1984<\/li>\n<li style=\"text-align: left;\">an zahlreichen Wettk\u00e4mpfen erfolgreich teilgenommen<br \/>5. Dan<\/li>\n<li style=\"text-align: left;\">Nationale und internationale verschiedene Lehrg\u00e4nge f\u00fcr Kampfsport besucht<\/li>\n<li style=\"text-align: left;\">1 Jahr Kickboxen<\/li>\n<\/ul>\n<p>Zertifizierter KravMaga Self-Defence Instruktor seit 2005<\/p>\n<p>Bei mehreren Seminaren\/Lehrg\u00e4nge verschiedenster Experten (Milit\u00e4r, Polizei und Sicherheitsdienst) f\u00fcr Selbstverteidigung und Krav-Maga teilgenommen<\/p>\n<p><strong>Grund und Begeisterung f\u00fcr Krav-Maga<\/strong><\/p>\n<ul>\n<li>Erg\u00e4nzung zu Karate<\/li>\n<li>keine extremen Bewegungen wie im Karate<\/li>\n<li>sowohl f\u00fcr Jung &amp; Alt geeignet auch ohne vorherige Kampfsporterfahrung<\/li>\n<li>Krav Maga \/ Self Defence hat mich durch die Einfachheit der Techniken und die Bewegungen ohne strenge Regeln fasziniert<\/li>\n<li>Krav Maga \/ Self Defence besitzt auch eine Vielfalt an verschiedenen Abwehrtechniken<br \/>sehr effektive Selbstverteidigung<\/li>\n<li>mit wenig Aufwand kann man sehr viel erreichen<\/li>\n<\/ul>\n<\/div><div class=\"fusion-clearfix\"><\/div><\/div><\/div><\/div><\/div><div class=\"fusion-fullwidth fullwidth-box fusion-builder-row-2 nonhundred-percent-fullwidth non-hundred-percent-height-scrolling\" style=\"background-color: rgba(255,255,255,0);background-position: center center;background-repeat: no-repeat;padding-top:0px;padding-right:0px;padding-bottom:0px;padding-left:0px;margin-bottom: 0px;margin-top: 0px;border-width: 0px 0px 0px 0px;border-color:#eae9e9;border-style:solid;\" ><div class=\"fusion-builder-row fusion-row\"><div class=\"fusion-layout-column fusion_builder_column fusion-builder-column-3 fusion_builder_column_1_4 1_4 fusion-one-fourth fusion-column-first\" style=\"width:25%;width:calc(25% - ( ( 4% ) * 0.25 ) );margin-right: 4%;margin-top:0px;margin-bottom:20px;\"><div class=\"fusion-column-wrapper fusion-flex-column-wrapper-legacy\" style=\"background-position:left top;background-repeat:no-repeat;-webkit-background-size:cover;-moz-background-size:cover;-o-background-size:cover;background-size:cover;padding: 0px 0px 0px 0px;\"><span class=\" fusion-imageframe imageframe-none imageframe-2 hover-type-none\"><img decoding=\"async\" width=\"209\" height=\"272\" title=\"patrik\" src=\"https:\/\/krav-maga-ostschweiz.ch\/wp-content\/uploads\/2020\/02\/patrik.jpg\" class=\"img-responsive wp-image-75\" srcset=\"https:\/\/www.krav-maga-ostschweiz.ch\/wp-content\/uploads\/2020\/02\/patrik-200x260.jpg 200w, https:\/\/www.krav-maga-ostschweiz.ch\/wp-content\/uploads\/2020\/02\/patrik.jpg 209w\" sizes=\"(max-width: 800px) 100vw, 209px\" \/><\/span><div class=\"fusion-clearfix\"><\/div><\/div><\/div><div class=\"fusion-layout-column fusion_builder_column fusion-builder-column-4 fusion_builder_column_3_4 3_4 fusion-three-fourth fusion-column-last\" style=\"width:75%;width:calc(75% - ( ( 4% ) * 0.75 ) );margin-top:0px;margin-bottom:20px;\"><div class=\"fusion-column-wrapper fusion-flex-column-wrapper-legacy\" style=\"background-position:left top;background-repeat:no-repeat;-webkit-background-size:cover;-moz-background-size:cover;-o-background-size:cover;background-size:cover;padding: 0px 0px 0px 0px;\"><div class=\"fusion-text fusion-text-3\"><h2 class=\"fusion-responsive-typography-calculated\" style=\"--fontsize: 18; line-height: 1.5; --minfontsize: 18;\" data-fontsize=\"18\" data-lineheight=\"27px\">Patrick<\/h2>\n<p><strong>Bisherige Kampfsportarten<\/strong><\/p>\n<ul>\n<li>Kickboxen (5 Jahre)<\/li>\n<li>Shotokan-Karate (5 Jahre)<\/li>\n<li>Aikido (11 Jahre)<\/li>\n<li>Kendo (4 Jahre)<\/li>\n<\/ul>\n<p><strong>Andere relevante Ausbildungen<\/strong><\/p>\n<ul>\n<li>Absolvierung diverser taktischer Schiesskurse (inkl. CQB)<\/li>\n<li>Absolvierung diverser Messerkampfkurse (ATK, System Jim Wagner)<\/li>\n<li>Absolvierung Ausbildung Tactical Emergency Medical Concept (TEMC)<\/li>\n<\/ul>\n<p><strong>Krav Maga<\/strong><\/p>\n<ul>\n<li>Krav Maga seit 2008<\/li>\n<li>Krav Maga Instruktor seit 2011<\/li>\n<li>Spezialisiert auf Entwaffnungstechniken (Pistole\/Messer)<\/li>\n<\/ul>\n<p><strong>Grund und Begeisterung f\u00fcr Krav Maga<\/strong><\/p>\n<ul>\n<li>Sehr effektive, kampferprobte und schnell erlernbare Self-Defense Technik<\/li>\n<li>Ausgelegt f\u00fcr Verteidigung in verschiedenen kritischen Situationen<\/li>\n<li>Krav Maga geh\u00f6rt zu den besten Selbstverteidigungssysteme und wird weltweit bei diversen Beh\u00f6rden und Spezialkr\u00e4ften eingesetzt.<\/li>\n<\/ul>\n<\/div><div class=\"fusion-clearfix\"><\/div><\/div><\/div><\/div><\/div><div class=\"fusion-fullwidth fullwidth-box fusion-builder-row-3 nonhundred-percent-fullwidth non-hundred-percent-height-scrolling\" style=\"background-color: rgba(255,255,255,0);background-position: center center;background-repeat: no-repeat;padding-top:0px;padding-right:0px;padding-bottom:0px;padding-left:0px;margin-bottom: 0px;margin-top: 0px;border-width: 0px 0px 0px 0px;border-color:#eae9e9;border-style:solid;\" ><div class=\"fusion-builder-row fusion-row\"><div class=\"fusion-layout-column fusion_builder_column fusion-builder-column-5 fusion_builder_column_1_4 1_4 fusion-one-fourth fusion-column-first\" style=\"width:25%;width:calc(25% - ( ( 4% ) * 0.25 ) );margin-right: 4%;margin-top:0px;margin-bottom:20px;\"><div class=\"fusion-column-wrapper fusion-flex-column-wrapper-legacy\" style=\"background-position:left top;background-repeat:no-repeat;-webkit-background-size:cover;-moz-background-size:cover;-o-background-size:cover;background-size:cover;padding: 0px 0px 0px 0px;\"><span class=\" fusion-imageframe imageframe-none imageframe-3 hover-type-none\"><img decoding=\"async\" width=\"200\" height=\"300\" title=\"thomas\" src=\"https:\/\/krav-maga-ostschweiz.ch\/wp-content\/uploads\/2020\/02\/thomas-200x300.jpg\" class=\"img-responsive wp-image-76\" srcset=\"https:\/\/www.krav-maga-ostschweiz.ch\/wp-content\/uploads\/2020\/02\/thomas-200x300.jpg 200w, https:\/\/www.krav-maga-ostschweiz.ch\/wp-content\/uploads\/2020\/02\/thomas.jpg 209w\" sizes=\"(max-width: 800px) 100vw, 200px\" \/><\/span><div class=\"fusion-clearfix\"><\/div><\/div><\/div><div class=\"fusion-layout-column fusion_builder_column fusion-builder-column-6 fusion_builder_column_3_4 3_4 fusion-three-fourth fusion-column-last\" style=\"width:75%;width:calc(75% - ( ( 4% ) * 0.75 ) );margin-top:0px;margin-bottom:20px;\"><div class=\"fusion-column-wrapper fusion-flex-column-wrapper-legacy\" style=\"background-position:left top;background-repeat:no-repeat;-webkit-background-size:cover;-moz-background-size:cover;-o-background-size:cover;background-size:cover;padding: 0px 0px 0px 0px;\"><div class=\"fusion-text fusion-text-4\"><h2>Thomas<\/h2>\n<p><strong>Bisherige Kampfsportarten<\/strong><\/p>\n<ul>\n<li>Shotokan-Karate 1997 bis 2007<\/li>\n<li>1.Dan seit 2004<\/li>\n<\/ul>\n<p><strong>Krav Maga<\/strong><\/p>\n<ul>\n<li>Krav-Maga seit 2007<\/li>\n<li>Dipl. Instruktor seit 2011<\/li>\n<\/ul>\n<p><strong>Grund f\u00fcr Begeisterung f\u00fcr Krav Maga<\/strong><\/p>\n<ul>\n<li>Erweiterung Kampf-Techniken (Hebel, W\u00fcrgetechniken, Bodenkampf\u2026)<\/li>\n<li>Realistische, k\u00f6rperbetonte Kampfsituationen ohne Spielregeln<\/li>\n<li>Techniken sind einfach, schnell erlernbar und sehr effektiv<\/li>\n<\/ul>\n<\/div><div class=\"fusion-clearfix\"><\/div><\/div><\/div><\/div><\/div><\/p>\n","protected":false},"excerpt":{"rendered":"","protected":false},"author":1,"featured_media":0,"parent":0,"menu_order":0,"comment_status":"closed","ping_status":"closed","template":"","meta":{"footnotes":""},"class_list":["post-71","page","type-page","status-publish","hentry"],"yoast_head":"<!-- This site is optimized with the Yoast SEO plugin v18.3 - https:\/\/yoast.com\/wordpress\/plugins\/seo\/ -->\n<title>Wir \u00fcber uns - Krav Maga Ostschweiz<\/title>\n<meta name=\"robots\" content=\"index, follow, max-snippet:-1, max-image-preview:large, max-video-preview:-1\" \/>\n<link rel=\"canonical\" href=\"https:\/\/www.krav-maga-ostschweiz.ch\/index.php\/wir-ueber-uns\/\" \/>\n<meta property=\"og:locale\" content=\"de_DE\" \/>\n<meta property=\"og:type\" content=\"article\" \/>\n<meta property=\"og:title\" content=\"Wir \u00fcber uns - Krav Maga Ostschweiz\" \/>\n<meta property=\"og:url\" content=\"https:\/\/www.krav-maga-ostschweiz.ch\/index.php\/wir-ueber-uns\/\" \/>\n<meta property=\"og:site_name\" content=\"Krav Maga Ostschweiz\" \/>\n<meta property=\"article:modified_time\" content=\"2021-06-25T15:11:39+00:00\" \/>\n<meta name=\"twitter:card\" content=\"summary_large_image\" \/>\n<meta name=\"twitter:label1\" content=\"Est. reading time\" \/>\n\t<meta name=\"twitter:data1\" content=\"11\u00a0Minuten\" \/>\n<script type=\"application\/ld+json\" class=\"yoast-schema-graph\">{\"@context\":\"https:\/\/schema.org\",\"@graph\":[{\"@type\":\"WebSite\",\"@id\":\"https:\/\/www.krav-maga-ostschweiz.ch\/#website\",\"url\":\"https:\/\/www.krav-maga-ostschweiz.ch\/\",\"name\":\"Krav Maga Ostschweiz\",\"description\":\"Just another WordPress site\",\"potentialAction\":[{\"@type\":\"SearchAction\",\"target\":{\"@type\":\"EntryPoint\",\"urlTemplate\":\"https:\/\/www.krav-maga-ostschweiz.ch\/?s={search_term_string}\"},\"query-input\":\"required name=search_term_string\"}],\"inLanguage\":\"de-CH\"},{\"@type\":\"WebPage\",\"@id\":\"https:\/\/www.krav-maga-ostschweiz.ch\/index.php\/wir-ueber-uns\/#webpage\",\"url\":\"https:\/\/www.krav-maga-ostschweiz.ch\/index.php\/wir-ueber-uns\/\",\"name\":\"Wir \u00fcber uns - Krav Maga Ostschweiz\",\"isPartOf\":{\"@id\":\"https:\/\/www.krav-maga-ostschweiz.ch\/#website\"},\"datePublished\":\"2020-02-24T19:57:52+00:00\",\"dateModified\":\"2021-06-25T15:11:39+00:00\",\"breadcrumb\":{\"@id\":\"https:\/\/www.krav-maga-ostschweiz.ch\/index.php\/wir-ueber-uns\/#breadcrumb\"},\"inLanguage\":\"de-CH\",\"potentialAction\":[{\"@type\":\"ReadAction\",\"target\":[\"https:\/\/www.krav-maga-ostschweiz.ch\/index.php\/wir-ueber-uns\/\"]}]},{\"@type\":\"BreadcrumbList\",\"@id\":\"https:\/\/www.krav-maga-ostschweiz.ch\/index.php\/wir-ueber-uns\/#breadcrumb\",\"itemListElement\":[{\"@type\":\"ListItem\",\"position\":1,\"name\":\"Home\",\"item\":\"https:\/\/www.krav-maga-ostschweiz.ch\/\"},{\"@type\":\"ListItem\",\"position\":2,\"name\":\"Wir \u00fcber uns\"}]}]}<\/script>\n<!-- \/ Yoast SEO plugin. -->","yoast_head_json":{"title":"Wir \u00fcber uns - Krav Maga Ostschweiz","robots":{"index":"index","follow":"follow","max-snippet":"max-snippet:-1","max-image-preview":"max-image-preview:large","max-video-preview":"max-video-preview:-1"},"canonical":"https:\/\/www.krav-maga-ostschweiz.ch\/index.php\/wir-ueber-uns\/","og_locale":"de_DE","og_type":"article","og_title":"Wir \u00fcber uns - Krav Maga Ostschweiz","og_url":"https:\/\/www.krav-maga-ostschweiz.ch\/index.php\/wir-ueber-uns\/","og_site_name":"Krav Maga Ostschweiz","article_modified_time":"2021-06-25T15:11:39+00:00","twitter_card":"summary_large_image","twitter_misc":{"Est. reading time":"11\u00a0Minuten"},"schema":{"@context":"https:\/\/schema.org","@graph":[{"@type":"WebSite","@id":"https:\/\/www.krav-maga-ostschweiz.ch\/#website","url":"https:\/\/www.krav-maga-ostschweiz.ch\/","name":"Krav Maga Ostschweiz","description":"Just another WordPress site","potentialAction":[{"@type":"SearchAction","target":{"@type":"EntryPoint","urlTemplate":"https:\/\/www.krav-maga-ostschweiz.ch\/?s={search_term_string}"},"query-input":"required name=search_term_string"}],"inLanguage":"de-CH"},{"@type":"WebPage","@id":"https:\/\/www.krav-maga-ostschweiz.ch\/index.php\/wir-ueber-uns\/#webpage","url":"https:\/\/www.krav-maga-ostschweiz.ch\/index.php\/wir-ueber-uns\/","name":"Wir \u00fcber uns - Krav Maga Ostschweiz","isPartOf":{"@id":"https:\/\/www.krav-maga-ostschweiz.ch\/#website"},"datePublished":"2020-02-24T19:57:52+00:00","dateModified":"2021-06-25T15:11:39+00:00","breadcrumb":{"@id":"https:\/\/www.krav-maga-ostschweiz.ch\/index.php\/wir-ueber-uns\/#breadcrumb"},"inLanguage":"de-CH","potentialAction":[{"@type":"ReadAction","target":["https:\/\/www.krav-maga-ostschweiz.ch\/index.php\/wir-ueber-uns\/"]}]},{"@type":"BreadcrumbList","@id":"https:\/\/www.krav-maga-ostschweiz.ch\/index.php\/wir-ueber-uns\/#breadcrumb","itemListElement":[{"@type":"ListItem","position":1,"name":"Home","item":"https:\/\/www.krav-maga-ostschweiz.ch\/"},{"@type":"ListItem","position":2,"name":"Wir \u00fcber uns"}]}]}},"_links":{"self":[{"href":"https:\/\/www.krav-maga-ostschweiz.ch\/index.php\/wp-json\/wp\/v2\/pages\/71","targetHints":{"allow":["GET"]}}],"collection":[{"href":"https:\/\/www.krav-maga-ostschweiz.ch\/index.php\/wp-json\/wp\/v2\/pages"}],"about":[{"href":"https:\/\/www.krav-maga-ostschweiz.ch\/index.php\/wp-json\/wp\/v2\/types\/page"}],"author":[{"embeddable":true,"href":"https:\/\/www.krav-maga-ostschweiz.ch\/index.php\/wp-json\/wp\/v2\/users\/1"}],"replies":[{"embeddable":true,"href":"https:\/\/www.krav-maga-ostschweiz.ch\/index.php\/wp-json\/wp\/v2\/comments?post=71"}],"version-history":[{"count":6,"href":"https:\/\/www.krav-maga-ostschweiz.ch\/index.php\/wp-json\/wp\/v2\/pages\/71\/revisions"}],"predecessor-version":[{"id":115,"href":"https:\/\/www.krav-maga-ostschweiz.ch\/index.php\/wp-json\/wp\/v2\/pages\/71\/revisions\/115"}],"wp:attachment":[{"href":"https:\/\/www.krav-maga-ostschweiz.ch\/index.php\/wp-json\/wp\/v2\/media?parent=71"}],"curies":[{"name":"wp","href":"https:\/\/api.w.org\/{rel}","templated":true}]}}